{"id":387,"date":"2020-10-17T12:28:22","date_gmt":"2020-10-17T10:28:22","guid":{"rendered":"https:\/\/intangiblea.com\/?post_type=product&#038;p=387"},"modified":"2020-10-20T17:25:46","modified_gmt":"2020-10-20T15:25:46","slug":"anglictina-pre-realitnych-maklerov-znalcov-v-oblasti-nehnutelnosti-architektov-a-manazerov-v-stavebnictve","status":"publish","type":"product","link":"https:\/\/intangiblea.com\/en\/produkt\/anglictina-pre-realitnych-maklerov-znalcov-v-oblasti-nehnutelnosti-architektov-a-manazerov-v-stavebnictve\/","title":{"rendered":"English for Real Estate Professionals, Appraisers, Architects and Construction Managers"},"content":{"rendered":"<p>English for Real Estate Professionals, Appraisers, Architects and Construction Managers<\/p>","protected":false},"excerpt":{"rendered":"<p>(This course is conducted in Slovak and English languages and is designed for Slovak speakers who want to improve their English communication skills in the specific field)<\/p>\n<p>D\u013a\u017eka kurzu: 1h 7min<\/p>\n<p>Po\u010det s\u00faborov na stiahnutie: 1<\/p>\n<p>Tento anglicko- slovensk\u00fd kurz (video tutori\u00e1l) je ur\u010den\u00fd pre slovensk\u00fdch profesion\u00e1lov pracuj\u00facich v\u00a0oblasti nehnute\u013enost\u00ed, alebo z\u00e1ujemcov o\u00a0t\u00fato t\u00e9mu, ktor\u00ed \u00a0chc\u00fa vylep\u0161i\u0165 svoje anglick\u00e9 \u00a0komunika\u010dn\u00e9 schopnosti v danej oblasti. \u00a0\u010ci u\u017e sa jedn\u00e1 o realitn\u00fdch agentov, realitn\u00fdch makl\u00e9rov, architektov, znalcov v oblasti stavebn\u00edctva, mana\u017e\u00e9rov v\u00a0stavebn\u00edctve, kurz pon\u00faka d\u00f4le\u017eit\u00fa slovn\u00fa z\u00e1sobu pre efekt\u00edvnu komunik\u00e1ciu v\u00a0danej oblasti. Video tutori\u00e1l efekt\u00edvnou formou pokr\u00fdva t\u00e9my po\u010dn\u00fac definovan\u00edm \u010do s\u00fa \u00a0nehnute\u013enosti a\u00a0ak\u00e9 pr\u00e1va s\u00fa spojen\u00e9 s ich vlastn\u00edctvom, \u010dinnos\u0165 realitn\u00fdch agentov a makl\u00e9rov, faktorov vpl\u00fdvaj\u00facich na cenu nehnute\u013enost\u00ed, trhov\u00e9 oblasti, \u0161tvrte, z\u00f3ny, \u00faver na k\u00fapu nehnute\u013enosti, zmluva o k\u00fape a predaji nehnute\u013enosti, pr\u00edslu\u0161enstvo k hnute\u013en\u00e9mu majetku, formy vlastn\u00edctva, met\u00f3dy oce\u0148ovania, stru\u010dn\u00fd popis skladby podzemnej a nadzemnej kon\u0161trukcia domu, mechanick\u00fdch syst\u00e9mov prisl\u00fachaj\u00facich k\u00a0nehnute\u013enosti, \u00a0interi\u00e9rov\u00e9 materi\u00e1ly a dizajn at\u010f.<\/p>\n","protected":false},"featured_media":388,"template":"","meta":[],"yoast_head":"<!-- This site is optimized with the Yoast SEO plugin v15.1.1 - https:\/\/yoast.com\/wordpress\/plugins\/seo\/ -->\n<title>English for Real Estate Professionals, Appraisers, Architects and Construction Managers - Intangible A<\/title>\n<meta name=\"robots\" content=\"index, follow, max-snippet:-1, max-image-preview:large, max-video-preview:-1\" \/>\n<link rel=\"canonical\" href=\"https:\/\/intangiblea.com\/produkt\/anglictina-pre-realitnych-maklerov-znalcov-v-oblasti-nehnutelnosti-architektov-a-manazerov-v-stavebnictve\/\" \/>\n<meta property=\"og:locale\" content=\"en_US\" \/>\n<meta property=\"og:type\" content=\"article\" \/>\n<meta property=\"og:title\" content=\"[:sk]Angli\u010dtina pre realitn\u00fdch makl\u00e9rov, znalcov v oblasti nehnutelnost\u00ed, architektov a mana\u017e\u00e9rov v stavebn\u00edctve[:en]English for Real Estate Professionals, Appraisers, Architects and Construction Managers[:] - Intangible A\" \/>\n<meta property=\"og:description\" content=\"[:sk]D\u013a\u017eka kurzu: 1h 7min  Po\u010det s\u00faborov na stiahnutie: 1  Tento anglicko- slovensk\u00fd kurz (video tutori\u00e1l) je ur\u010den\u00fd pre slovensk\u00fdch profesion\u00e1lov pracuj\u00facich v\u00a0oblasti nehnute\u013enost\u00ed, alebo z\u00e1ujemcov o\u00a0t\u00fato t\u00e9mu, ktor\u00ed \u00a0chc\u00fa vylep\u0161i\u0165 svoje anglick\u00e9 \u00a0komunika\u010dn\u00e9 schopnosti v danej oblasti. \u00a0\u010ci u\u017e sa jedn\u00e1 o realitn\u00fdch agentov, realitn\u00fdch makl\u00e9rov, architektov, znalcov v oblasti stavebn\u00edctva, mana\u017e\u00e9rov v\u00a0stavebn\u00edctve, kurz pon\u00faka d\u00f4le\u017eit\u00fa slovn\u00fa z\u00e1sobu pre efekt\u00edvnu komunik\u00e1ciu v\u00a0danej oblasti. Video tutori\u00e1l efekt\u00edvnou formou pokr\u00fdva t\u00e9my po\u010dn\u00fac definovan\u00edm \u010do s\u00fa \u00a0nehnute\u013enosti a\u00a0ak\u00e9 pr\u00e1va s\u00fa spojen\u00e9 s ich vlastn\u00edctvom, \u010dinnos\u0165 realitn\u00fdch agentov a makl\u00e9rov, faktorov vpl\u00fdvaj\u00facich na cenu nehnute\u013enost\u00ed, trhov\u00e9 oblasti, \u0161tvrte, z\u00f3ny, \u00faver na k\u00fapu nehnute\u013enosti, zmluva o k\u00fape a predaji nehnute\u013enosti, pr\u00edslu\u0161enstvo k hnute\u013en\u00e9mu majetku, formy vlastn\u00edctva, met\u00f3dy oce\u0148ovania, stru\u010dn\u00fd popis skladby podzemnej a nadzemnej kon\u0161trukcia domu, mechanick\u00fdch syst\u00e9mov prisl\u00fachaj\u00facich k\u00a0nehnute\u013enosti, \u00a0interi\u00e9rov\u00e9 materi\u00e1ly a dizajn at\u010f.[:en](This course is conducted in Slovak and English languages and is designed for Slovak speakers who want to improve their English communication skills in the specific field)  D\u013a\u017eka kurzu: 1h 7min  Po\u010det s\u00faborov na stiahnutie: 1  Tento anglicko- slovensk\u00fd kurz (video tutori\u00e1l) je ur\u010den\u00fd pre slovensk\u00fdch profesion\u00e1lov pracuj\u00facich v\u00a0oblasti nehnute\u013enost\u00ed, alebo z\u00e1ujemcov o\u00a0t\u00fato t\u00e9mu, ktor\u00ed \u00a0chc\u00fa vylep\u0161i\u0165 svoje anglick\u00e9 \u00a0komunika\u010dn\u00e9 schopnosti v danej oblasti. \u00a0\u010ci u\u017e sa jedn\u00e1 o realitn\u00fdch agentov, realitn\u00fdch makl\u00e9rov, architektov, znalcov v oblasti stavebn\u00edctva, mana\u017e\u00e9rov v\u00a0stavebn\u00edctve, kurz pon\u00faka d\u00f4le\u017eit\u00fa slovn\u00fa z\u00e1sobu pre efekt\u00edvnu komunik\u00e1ciu v\u00a0danej oblasti. Video tutori\u00e1l efekt\u00edvnou formou pokr\u00fdva t\u00e9my po\u010dn\u00fac definovan\u00edm \u010do s\u00fa \u00a0nehnute\u013enosti a\u00a0ak\u00e9 pr\u00e1va s\u00fa spojen\u00e9 s ich vlastn\u00edctvom, \u010dinnos\u0165 realitn\u00fdch agentov a makl\u00e9rov, faktorov vpl\u00fdvaj\u00facich na cenu nehnute\u013enost\u00ed, trhov\u00e9 oblasti, \u0161tvrte, z\u00f3ny, \u00faver na k\u00fapu nehnute\u013enosti, zmluva o k\u00fape a predaji nehnute\u013enosti, pr\u00edslu\u0161enstvo k hnute\u013en\u00e9mu majetku, formy vlastn\u00edctva, met\u00f3dy oce\u0148ovania, stru\u010dn\u00fd popis skladby podzemnej a nadzemnej kon\u0161trukcia domu, mechanick\u00fdch syst\u00e9mov prisl\u00fachaj\u00facich k\u00a0nehnute\u013enosti, \u00a0interi\u00e9rov\u00e9 materi\u00e1ly a dizajn at\u010f.[:]\" \/>\n<meta property=\"og:url\" content=\"https:\/\/intangiblea.com\/produkt\/anglictina-pre-realitnych-maklerov-znalcov-v-oblasti-nehnutelnosti-architektov-a-manazerov-v-stavebnictve\/\" \/>\n<meta property=\"og:site_name\" content=\"Intangible A\" \/>\n<meta property=\"article:modified_time\" content=\"2020-10-20T15:25:46+00:00\" \/>\n<meta property=\"og:image\" content=\"https:\/\/intangiblea.com\/wp-content\/uploads\/2020\/10\/ENG-002.jpg\" \/>\n\t<meta property=\"og:image:width\" content=\"1183\" \/>\n\t<meta property=\"og:image:height\" content=\"925\" \/>\n<meta name=\"twitter:card\" content=\"summary_large_image\" \/>\n<script type=\"application\/ld+json\" class=\"yoast-schema-graph\">{\"@context\":\"https:\/\/schema.org\",\"@graph\":[{\"@type\":\"WebSite\",\"@id\":\"https:\/\/intangiblea.com\/en\/#website\",\"url\":\"https:\/\/intangiblea.com\/en\/\",\"name\":\"Intangible A\",\"description\":\"learning English online courses\",\"potentialAction\":[{\"@type\":\"SearchAction\",\"target\":\"https:\/\/intangiblea.com\/en\/?s={search_term_string}\",\"query-input\":\"required name=search_term_string\"}],\"inLanguage\":\"en-US\"},{\"@type\":\"ImageObject\",\"@id\":\"https:\/\/intangiblea.com\/produkt\/anglictina-pre-realitnych-maklerov-znalcov-v-oblasti-nehnutelnosti-architektov-a-manazerov-v-stavebnictve\/#primaryimage\",\"inLanguage\":\"en-US\",\"url\":\"https:\/\/intangiblea.com\/wp-content\/uploads\/2020\/10\/ENG-002.jpg\",\"width\":1183,\"height\":925},{\"@type\":\"WebPage\",\"@id\":\"https:\/\/intangiblea.com\/produkt\/anglictina-pre-realitnych-maklerov-znalcov-v-oblasti-nehnutelnosti-architektov-a-manazerov-v-stavebnictve\/#webpage\",\"url\":\"https:\/\/intangiblea.com\/produkt\/anglictina-pre-realitnych-maklerov-znalcov-v-oblasti-nehnutelnosti-architektov-a-manazerov-v-stavebnictve\/\",\"name\":\"[:sk]Angli\\u010dtina pre realitn\\u00fdch makl\\u00e9rov, znalcov v oblasti nehnutelnost\\u00ed, architektov a mana\\u017e\\u00e9rov v stavebn\\u00edctve[:en]English for Real Estate Professionals, Appraisers, Architects and Construction Managers[:] - Intangible A\",\"isPartOf\":{\"@id\":\"https:\/\/intangiblea.com\/en\/#website\"},\"primaryImageOfPage\":{\"@id\":\"https:\/\/intangiblea.com\/produkt\/anglictina-pre-realitnych-maklerov-znalcov-v-oblasti-nehnutelnosti-architektov-a-manazerov-v-stavebnictve\/#primaryimage\"},\"datePublished\":\"2020-10-17T10:28:22+00:00\",\"dateModified\":\"2020-10-20T15:25:46+00:00\",\"inLanguage\":\"en-US\",\"potentialAction\":[{\"@type\":\"ReadAction\",\"target\":[\"https:\/\/intangiblea.com\/produkt\/anglictina-pre-realitnych-maklerov-znalcov-v-oblasti-nehnutelnosti-architektov-a-manazerov-v-stavebnictve\/\"]}]}]}<\/script>\n<!-- \/ Yoast SEO plugin. -->","_links":{"self":[{"href":"https:\/\/intangiblea.com\/en\/wp-json\/wp\/v2\/product\/387"}],"collection":[{"href":"https:\/\/intangiblea.com\/en\/wp-json\/wp\/v2\/product"}],"about":[{"href":"https:\/\/intangiblea.com\/en\/wp-json\/wp\/v2\/types\/product"}],"wp:featuredmedia":[{"embeddable":true,"href":"https:\/\/intangiblea.com\/en\/wp-json\/wp\/v2\/media\/388"}],"wp:attachment":[{"href":"https:\/\/intangiblea.com\/en\/wp-json\/wp\/v2\/media?parent=387"}],"curies":[{"name":"wp","href":"https:\/\/api.w.org\/{rel}","templated":true}]}}