{"id":352,"date":"2020-09-20T10:24:33","date_gmt":"2020-09-20T08:24:33","guid":{"rendered":"https:\/\/intangiblea.com\/?post_type=product&#038;p=352"},"modified":"2020-10-17T15:30:03","modified_gmt":"2020-10-17T13:30:03","slug":"anglictina-pre-financnych-manazerov","status":"publish","type":"product","link":"https:\/\/intangiblea.com\/en\/produkt\/anglictina-pre-financnych-manazerov\/","title":{"rendered":"English for Financial Managers"},"content":{"rendered":"<p>English for Financial Managers<\/p>","protected":false},"excerpt":{"rendered":"<p>(This course is conducted in Slovak and English languages and is designed for Slovak speakers who want to improve their English communication skills in the specific field)<\/p>\n<p>English for Financial Managers &#8211; anglicko-slovensk\u00fd kurz zameran\u00fd na zdokonalenie anglickej komunik\u00e1cie v\u00a0oblasti financi\u00ed a\u00a0biznisu. Kurz( videotutori\u00e1l) obsahuje z\u00e1kladn\u00e9 inform\u00e1cie v\u00a0anglickom jazyku spolu so slovensk\u00fdmi prekladmi a\u00a0slovnou z\u00e1sobou v\u00a0oblastiach ako s\u00fa pr\u00e1vne formy podnikania, typy obchodn\u00fdch spolo\u010dnost\u00ed, \u00fa\u010dtovn\u00e9 v\u00fdkazy, ekonomika, hospod\u00e1rsky cyklus, finan\u010dn\u00e9 trhy, deriv\u00e1ty, z\u00e1kladn\u00e1 anal\u00fdza spolo\u010dnosti, \u010dasov\u00e1 hodnota pe\u0148az\u00ed, oce\u0148ovanie finan\u010dn\u00fdch akt\u00edv, podielov\u00e9 fondy.<\/p>\n","protected":false},"featured_media":356,"template":"","meta":[],"yoast_head":"<!-- This site is optimized with the Yoast SEO plugin v15.1.1 - https:\/\/yoast.com\/wordpress\/plugins\/seo\/ -->\n<title>English for Financial Managers - Intangible A<\/title>\n<meta name=\"description\" content=\"Angli\u010dtina pre finan\u010dn\u00fdch mana\u017e\u00e9rov - anglicko-slovensk\u00fd kurz zameran\u00fd na zdokonalenie anglickej komunik\u00e1cie v\u00a0oblasti financi\u00ed a\u00a0biznisu.\" \/>\n<meta name=\"robots\" content=\"index, follow, max-snippet:-1, max-image-preview:large, max-video-preview:-1\" \/>\n<link rel=\"canonical\" href=\"https:\/\/intangiblea.com\/produkt\/anglictina-pre-financnych-manazerov\/\" \/>\n<meta property=\"og:locale\" content=\"en_US\" \/>\n<meta property=\"og:type\" content=\"article\" \/>\n<meta property=\"og:title\" content=\"[:sk]Angli\u010dtina pre finan\u010dn\u00fdch mana\u017e\u00e9rov[:en]English for Financial Managers[:] - Intangible A\" \/>\n<meta property=\"og:description\" content=\"Angli\u010dtina pre finan\u010dn\u00fdch mana\u017e\u00e9rov - anglicko-slovensk\u00fd kurz zameran\u00fd na zdokonalenie anglickej komunik\u00e1cie v\u00a0oblasti financi\u00ed a\u00a0biznisu.\" \/>\n<meta property=\"og:url\" content=\"https:\/\/intangiblea.com\/produkt\/anglictina-pre-financnych-manazerov\/\" \/>\n<meta property=\"og:site_name\" content=\"Intangible A\" \/>\n<meta property=\"article:modified_time\" content=\"2020-10-17T13:30:03+00:00\" \/>\n<meta property=\"og:image\" content=\"https:\/\/intangiblea.com\/wp-content\/uploads\/2020\/09\/EFM.jpg\" \/>\n\t<meta property=\"og:image:width\" content=\"677\" \/>\n\t<meta property=\"og:image:height\" content=\"475\" \/>\n<meta name=\"twitter:card\" content=\"summary_large_image\" \/>\n<script type=\"application\/ld+json\" class=\"yoast-schema-graph\">{\"@context\":\"https:\/\/schema.org\",\"@graph\":[{\"@type\":\"WebSite\",\"@id\":\"https:\/\/intangiblea.com\/en\/#website\",\"url\":\"https:\/\/intangiblea.com\/en\/\",\"name\":\"Intangible A\",\"description\":\"learning English online courses\",\"potentialAction\":[{\"@type\":\"SearchAction\",\"target\":\"https:\/\/intangiblea.com\/en\/?s={search_term_string}\",\"query-input\":\"required name=search_term_string\"}],\"inLanguage\":\"en-US\"},{\"@type\":\"ImageObject\",\"@id\":\"https:\/\/intangiblea.com\/produkt\/anglictina-pre-financnych-manazerov\/#primaryimage\",\"inLanguage\":\"en-US\",\"url\":\"https:\/\/intangiblea.com\/wp-content\/uploads\/2020\/09\/EFM.jpg\",\"width\":677,\"height\":475},{\"@type\":\"WebPage\",\"@id\":\"https:\/\/intangiblea.com\/produkt\/anglictina-pre-financnych-manazerov\/#webpage\",\"url\":\"https:\/\/intangiblea.com\/produkt\/anglictina-pre-financnych-manazerov\/\",\"name\":\"[:sk]Angli\\u010dtina pre finan\\u010dn\\u00fdch mana\\u017e\\u00e9rov[:en]English for Financial Managers[:] - Intangible A\",\"isPartOf\":{\"@id\":\"https:\/\/intangiblea.com\/en\/#website\"},\"primaryImageOfPage\":{\"@id\":\"https:\/\/intangiblea.com\/produkt\/anglictina-pre-financnych-manazerov\/#primaryimage\"},\"datePublished\":\"2020-09-20T08:24:33+00:00\",\"dateModified\":\"2020-10-17T13:30:03+00:00\",\"description\":\"Angli\\u010dtina pre finan\\u010dn\\u00fdch mana\\u017e\\u00e9rov - anglicko-slovensk\\u00fd kurz zameran\\u00fd na zdokonalenie anglickej komunik\\u00e1cie v\\u00a0oblasti financi\\u00ed a\\u00a0biznisu.\",\"inLanguage\":\"en-US\",\"potentialAction\":[{\"@type\":\"ReadAction\",\"target\":[\"https:\/\/intangiblea.com\/produkt\/anglictina-pre-financnych-manazerov\/\"]}]}]}<\/script>\n<!-- \/ Yoast SEO plugin. -->","_links":{"self":[{"href":"https:\/\/intangiblea.com\/en\/wp-json\/wp\/v2\/product\/352"}],"collection":[{"href":"https:\/\/intangiblea.com\/en\/wp-json\/wp\/v2\/product"}],"about":[{"href":"https:\/\/intangiblea.com\/en\/wp-json\/wp\/v2\/types\/product"}],"wp:featuredmedia":[{"embeddable":true,"href":"https:\/\/intangiblea.com\/en\/wp-json\/wp\/v2\/media\/356"}],"wp:attachment":[{"href":"https:\/\/intangiblea.com\/en\/wp-json\/wp\/v2\/media?parent=352"}],"curies":[{"name":"wp","href":"https:\/\/api.w.org\/{rel}","templated":true}]}}