{"id":59,"date":"2020-06-12T13:36:27","date_gmt":"2020-06-12T11:36:27","guid":{"rendered":"http:\/\/intangiblea.com\/?page_id=59"},"modified":"2022-02-14T16:10:37","modified_gmt":"2022-02-14T15:10:37","slug":"konverzacia-v-anglickom-jazyku-spojena-s-vyukou-gramatiky","status":"publish","type":"page","link":"https:\/\/intangiblea.com\/en\/konverzacia-v-anglickom-jazyku-spojena-s-vyukou-gramatiky\/","title":{"rendered":"English conversation with grammar education"},"content":{"rendered":"<p><\/p>\n<ul>\n<li>Learning the English language through enjoyable casual conversations<\/li>\n<\/ul>\n<ul>\n<li>Conversation topics may be chosen by the client\/student. If the client\/student has no preference on the topic, it may be chosen by the lecturer<\/li>\n<\/ul>\n<ul>\n<li>During each session the lecturer and the client go over certain grammar rules (depending on the client\u2019s needs and requirements).<\/li>\n<\/ul>\n<ul>\n<li>The conversation is conducted by a lecturer who has more than 10 years of working and studying experience in an English-speaking country<\/li>\n<\/ul>\n<table style=\"height: 30px;\" border=\"1\" width=\"777\" cellspacing=\"0\" cellpadding=\"7\">\n<colgroup>\n<col width=\"297\" \/>\n<col width=\"297\" \/> <\/colgroup>\n<tbody>\n<tr valign=\"TOP\">\n<td width=\"297\"><strong>Hourly rate for conversation with one student\/client<\/strong><\/td>\n<td width=\"297\">\n<p align=\"CENTER\"><strong>21\u20ac<\/strong><\/p>\n<\/td>\n<\/tr>\n<\/tbody>\n<\/table>\n<p>&nbsp;<\/p>","protected":false},"excerpt":{"rendered":"<p>Learning the English language through enjoyable casual conversations Conversation topics may be chosen by the client\/student. If the client\/student has no preference on the topic, it may be chosen by the lecturer During each session the lecturer and the client<\/p>\n","protected":false},"author":2,"featured_media":0,"parent":0,"menu_order":0,"comment_status":"closed","ping_status":"closed","template":"","meta":[],"yoast_head":"<!-- This site is optimized with the Yoast SEO plugin v15.1.1 - https:\/\/yoast.com\/wordpress\/plugins\/seo\/ -->\n<title>English conversation with grammar education - Intangible A<\/title>\n<meta name=\"robots\" content=\"index, follow, max-snippet:-1, max-image-preview:large, max-video-preview:-1\" \/>\n<link rel=\"canonical\" href=\"https:\/\/intangiblea.com\/konverzacia-v-anglickom-jazyku-spojena-s-vyukou-gramatiky\/\" \/>\n<meta property=\"og:locale\" content=\"en_US\" \/>\n<meta property=\"og:type\" content=\"article\" \/>\n<meta property=\"og:title\" content=\"[:sk]Konverz\u00e1cia v anglickom jazyku spojen\u00e1 s v\u00fdukou gramatiky[:en]English conversation with grammar education[:] - Intangible A\" \/>\n<meta property=\"og:description\" content=\"Learning the English language through enjoyable casual conversations Conversation topics may be chosen by the client\/student. If the client\/student has no preference on the topic, it may be chosen by the lecturer During each session the lecturer and the client\" \/>\n<meta property=\"og:url\" content=\"https:\/\/intangiblea.com\/konverzacia-v-anglickom-jazyku-spojena-s-vyukou-gramatiky\/\" \/>\n<meta property=\"og:site_name\" content=\"Intangible A\" \/>\n<meta property=\"article:modified_time\" content=\"2022-02-14T15:10:37+00:00\" \/>\n<meta name=\"twitter:card\" content=\"summary_large_image\" \/>\n<script type=\"application\/ld+json\" class=\"yoast-schema-graph\">{\"@context\":\"https:\/\/schema.org\",\"@graph\":[{\"@type\":\"WebSite\",\"@id\":\"https:\/\/intangiblea.com\/en\/#website\",\"url\":\"https:\/\/intangiblea.com\/en\/\",\"name\":\"Intangible A\",\"description\":\"learning English online courses\",\"potentialAction\":[{\"@type\":\"SearchAction\",\"target\":\"https:\/\/intangiblea.com\/en\/?s={search_term_string}\",\"query-input\":\"required name=search_term_string\"}],\"inLanguage\":\"en-US\"},{\"@type\":\"WebPage\",\"@id\":\"https:\/\/intangiblea.com\/konverzacia-v-anglickom-jazyku-spojena-s-vyukou-gramatiky\/#webpage\",\"url\":\"https:\/\/intangiblea.com\/konverzacia-v-anglickom-jazyku-spojena-s-vyukou-gramatiky\/\",\"name\":\"[:sk]Konverz\\u00e1cia v anglickom jazyku spojen\\u00e1 s v\\u00fdukou gramatiky[:en]English conversation with grammar education[:] - Intangible A\",\"isPartOf\":{\"@id\":\"https:\/\/intangiblea.com\/en\/#website\"},\"datePublished\":\"2020-06-12T11:36:27+00:00\",\"dateModified\":\"2022-02-14T15:10:37+00:00\",\"inLanguage\":\"en-US\",\"potentialAction\":[{\"@type\":\"ReadAction\",\"target\":[\"https:\/\/intangiblea.com\/konverzacia-v-anglickom-jazyku-spojena-s-vyukou-gramatiky\/\"]}]}]}<\/script>\n<!-- \/ Yoast SEO plugin. -->","_links":{"self":[{"href":"https:\/\/intangiblea.com\/en\/wp-json\/wp\/v2\/pages\/59"}],"collection":[{"href":"https:\/\/intangiblea.com\/en\/wp-json\/wp\/v2\/pages"}],"about":[{"href":"https:\/\/intangiblea.com\/en\/wp-json\/wp\/v2\/types\/page"}],"author":[{"embeddable":true,"href":"https:\/\/intangiblea.com\/en\/wp-json\/wp\/v2\/users\/2"}],"replies":[{"embeddable":true,"href":"https:\/\/intangiblea.com\/en\/wp-json\/wp\/v2\/comments?post=59"}],"version-history":[{"count":9,"href":"https:\/\/intangiblea.com\/en\/wp-json\/wp\/v2\/pages\/59\/revisions"}],"predecessor-version":[{"id":447,"href":"https:\/\/intangiblea.com\/en\/wp-json\/wp\/v2\/pages\/59\/revisions\/447"}],"wp:attachment":[{"href":"https:\/\/intangiblea.com\/en\/wp-json\/wp\/v2\/media?parent=59"}],"curies":[{"name":"wp","href":"https:\/\/api.w.org\/{rel}","templated":true}]}}