{"id":51,"date":"2020-06-12T13:35:07","date_gmt":"2020-06-12T11:35:07","guid":{"rendered":"http:\/\/intangiblea.com\/?page_id=51"},"modified":"2022-02-14T16:03:06","modified_gmt":"2022-02-14T15:03:06","slug":"konverzacia-v-anglickom-jazyku-vseobecna-tema","status":"publish","type":"page","link":"https:\/\/intangiblea.com\/en\/konverzacia-v-anglickom-jazyku-vseobecna-tema\/","title":{"rendered":"English conversation  \u2013  general topic"},"content":{"rendered":"<p><\/p>\n<ul>\n<li>Learning the English language through enjoyable casual conversations<\/li>\n<\/ul>\n<ul>\n<li>Conversation topics may be chosen by the client\/student. If the client\/student has no preference on the topic, it may be chosen by the lecturer<\/li>\n<\/ul>\n<ul>\n<li>Conversation is conducted by a lecturer who has more than 10 years of working and studying experience in an English-speaking country<\/li>\n<\/ul>\n<table style=\"height: 142px;\" border=\"1\" width=\"778\" cellspacing=\"0\" cellpadding=\"7\">\n<colgroup>\n<col width=\"372\" \/>\n<col width=\"212\" \/> <\/colgroup>\n<tbody>\n<tr valign=\"TOP\">\n<td width=\"372\"><strong>Hourly rate for a conversation lesson with 1 student\/client<\/strong><\/td>\n<td width=\"212\">\n<p align=\"CENTER\"><strong>21\u20ac<\/strong><\/p>\n<\/td>\n<\/tr>\n<tr valign=\"TOP\">\n<td bgcolor=\"#f2f2f2\" width=\"372\"><strong>Hourly rate for a conversation lesson with 2 students\/clients<\/strong><\/td>\n<td bgcolor=\"#f2f2f2\" width=\"212\">\n<p align=\"CENTER\"><strong>13\u20ac<\/strong><\/p>\n<\/td>\n<\/tr>\n<tr valign=\"TOP\">\n<td width=\"372\"><strong>Hourly rate for a conversation lesson with 3 students\/clients<\/strong><\/td>\n<td width=\"212\">\n<p align=\"CENTER\"><strong>9\u20ac<\/strong><\/p>\n<\/td>\n<\/tr>\n<tr valign=\"TOP\">\n<td bgcolor=\"#f2f2f2\" width=\"372\"><strong>Fees for 30 minutes of conversation with 1 student<\/strong><\/td>\n<td bgcolor=\"#f2f2f2\" width=\"212\">\n<p align=\"CENTER\"><strong>13\u20ac<\/strong><\/p>\n<\/td>\n<\/tr>\n<tr valign=\"TOP\">\n<td width=\"372\"><strong>Fees for 30 minutes of conversation with 2 students<\/strong><\/td>\n<td width=\"212\">\n<p align=\"CENTER\"><strong>8\u20ac<\/strong><\/p>\n<\/td>\n<\/tr>\n<\/tbody>\n<\/table>\n<p>&nbsp;<\/p>","protected":false},"excerpt":{"rendered":"<p>Learning the English language through enjoyable casual conversations Conversation topics may be chosen by the client\/student. If the client\/student has no preference on the topic, it may be chosen by the lecturer Conversation is conducted by a lecturer who has<\/p>\n","protected":false},"author":2,"featured_media":0,"parent":0,"menu_order":0,"comment_status":"closed","ping_status":"closed","template":"","meta":[],"yoast_head":"<!-- This site is optimized with the Yoast SEO plugin v15.1.1 - https:\/\/yoast.com\/wordpress\/plugins\/seo\/ -->\n<title>English conversation \u2013 general topic - Intangible A<\/title>\n<meta name=\"robots\" content=\"index, follow, max-snippet:-1, max-image-preview:large, max-video-preview:-1\" \/>\n<link rel=\"canonical\" href=\"https:\/\/intangiblea.com\/konverzacia-v-anglickom-jazyku-vseobecna-tema\/\" \/>\n<meta property=\"og:locale\" content=\"en_US\" \/>\n<meta property=\"og:type\" content=\"article\" \/>\n<meta property=\"og:title\" content=\"[:sk]Konverz\u00e1cia v anglickom jazyku \u2013 v\u0161eobecn\u00e1 t\u00e9ma[:en]English conversation \u2013 general topic[:] - Intangible A\" \/>\n<meta property=\"og:description\" content=\"Learning the English language through enjoyable casual conversations Conversation topics may be chosen by the client\/student. If the client\/student has no preference on the topic, it may be chosen by the lecturer Conversation is conducted by a lecturer who has\" \/>\n<meta property=\"og:url\" content=\"https:\/\/intangiblea.com\/konverzacia-v-anglickom-jazyku-vseobecna-tema\/\" \/>\n<meta property=\"og:site_name\" content=\"Intangible A\" \/>\n<meta property=\"article:modified_time\" content=\"2022-02-14T15:03:06+00:00\" \/>\n<meta name=\"twitter:card\" content=\"summary_large_image\" \/>\n<script type=\"application\/ld+json\" class=\"yoast-schema-graph\">{\"@context\":\"https:\/\/schema.org\",\"@graph\":[{\"@type\":\"WebSite\",\"@id\":\"https:\/\/intangiblea.com\/en\/#website\",\"url\":\"https:\/\/intangiblea.com\/en\/\",\"name\":\"Intangible A\",\"description\":\"learning English online courses\",\"potentialAction\":[{\"@type\":\"SearchAction\",\"target\":\"https:\/\/intangiblea.com\/en\/?s={search_term_string}\",\"query-input\":\"required name=search_term_string\"}],\"inLanguage\":\"en-US\"},{\"@type\":\"WebPage\",\"@id\":\"https:\/\/intangiblea.com\/konverzacia-v-anglickom-jazyku-vseobecna-tema\/#webpage\",\"url\":\"https:\/\/intangiblea.com\/konverzacia-v-anglickom-jazyku-vseobecna-tema\/\",\"name\":\"[:sk]Konverz\\u00e1cia v anglickom jazyku \\u2013 v\\u0161eobecn\\u00e1 t\\u00e9ma[:en]English conversation \\u2013 general topic[:] - Intangible A\",\"isPartOf\":{\"@id\":\"https:\/\/intangiblea.com\/en\/#website\"},\"datePublished\":\"2020-06-12T11:35:07+00:00\",\"dateModified\":\"2022-02-14T15:03:06+00:00\",\"inLanguage\":\"en-US\",\"potentialAction\":[{\"@type\":\"ReadAction\",\"target\":[\"https:\/\/intangiblea.com\/konverzacia-v-anglickom-jazyku-vseobecna-tema\/\"]}]}]}<\/script>\n<!-- \/ Yoast SEO plugin. -->","_links":{"self":[{"href":"https:\/\/intangiblea.com\/en\/wp-json\/wp\/v2\/pages\/51"}],"collection":[{"href":"https:\/\/intangiblea.com\/en\/wp-json\/wp\/v2\/pages"}],"about":[{"href":"https:\/\/intangiblea.com\/en\/wp-json\/wp\/v2\/types\/page"}],"author":[{"embeddable":true,"href":"https:\/\/intangiblea.com\/en\/wp-json\/wp\/v2\/users\/2"}],"replies":[{"embeddable":true,"href":"https:\/\/intangiblea.com\/en\/wp-json\/wp\/v2\/comments?post=51"}],"version-history":[{"count":10,"href":"https:\/\/intangiblea.com\/en\/wp-json\/wp\/v2\/pages\/51\/revisions"}],"predecessor-version":[{"id":444,"href":"https:\/\/intangiblea.com\/en\/wp-json\/wp\/v2\/pages\/51\/revisions\/444"}],"wp:attachment":[{"href":"https:\/\/intangiblea.com\/en\/wp-json\/wp\/v2\/media?parent=51"}],"curies":[{"name":"wp","href":"https:\/\/api.w.org\/{rel}","templated":true}]}}