{"id":358,"date":"2020-09-30T14:25:21","date_gmt":"2020-09-30T12:25:21","guid":{"rendered":"https:\/\/intangiblea.com\/?page_id=358"},"modified":"2020-09-30T14:25:21","modified_gmt":"2020-09-30T12:25:21","slug":"vseobecne-obchodne-podmienky","status":"publish","type":"page","link":"https:\/\/intangiblea.com\/en\/vseobecne-obchodne-podmienky\/","title":{"rendered":"V\u0161eobecn\u00e9 obchodn\u00e9 podmienky"},"content":{"rendered":"<p><\/p>\n<p align=\"JUSTIFY\"><a name=\"_Hlk51751980\"><\/a> <b>\u00davodn\u00e9 ustanovenia<\/b><\/p>\n<p align=\"JUSTIFY\">Poskytovate\u013eom vzdel\u00e1vac\u00edch slu\u017eieb(\u010falej len \u201e Poskytovate\u013e\u201c) je spolo\u010dnos\u0165:<\/p>\n<p align=\"JUSTIFY\"><strong>Intangible A, s.r.o.<\/strong><\/p>\n<p align=\"JUSTIFY\"><strong>Dub\u010deka 660\/4<\/strong><\/p>\n<p align=\"JUSTIFY\"><strong>922 42 Madunice<\/strong><\/p>\n<p align=\"JUSTIFY\"><strong>I\u010cO: 52531554<\/strong><\/p>\n<p align=\"JUSTIFY\"><strong>DI\u010c: 121063626<\/strong><\/p>\n<p align=\"JUSTIFY\"><strong>Poskytovate\u013e poskytuje vzdel\u00e1vacie slu\u017eby zameran\u00e9 na\u00a0 v\u00fduku anglick\u00e9ho jazyka individu\u00e1lnou, alebo skupinovou formou a\u00a0tie\u017e prostredn\u00edctvom online anglick\u00fdch a\u00a0slovensk\u00fdch tutori\u00e1lov.<\/strong><\/p>\n<p align=\"JUSTIFY\"><strong>Cena<\/strong><\/p>\n<p align=\"JUSTIFY\">Klient\/\u0161tudent plat\u00ed pred\u00e1vaj\u00facim ods\u00fahlasen\u00fa cenu, ktor\u00e1 je uveden\u00e1 v e-maily, ktor\u00fd Klient\/\u0161tudent dostane po potvrden\u00ed objedn\u00e1vky, alebo ak cena nie je v\u00a0emaily \u0161pecifikovan\u00e1 predajn\u00fa cena pod\u013ea platn\u00e9ho cenn\u00edka zverejnen\u00e9ho na na\u0161ej webovej str\u00e1nke. Vzh\u013eadom k\u00a0tomu, \u017ee v\u00fdu\u010dba prebieha v\u00a0preva\u017enej v\u00e4\u010d\u0161ine individu\u00e1lne, term\u00edny v\u00fdu\u010dby musia by\u0165 vz\u00e1jomne ods\u00fahlasen\u00e9 medzi Poskytovate\u013eom a\u00a0Klientom\/\u0161tudentom.<\/p>\n<p align=\"JUSTIFY\">\n<p align=\"JUSTIFY\"><b>Pr\u00e1va a\u00a0povinnosti Poskytovate\u013ea a\u00a0\u0161tudenta\/klienta<\/b><\/p>\n<p align=\"JUSTIFY\">V\u0161etky objedn\u00e1vky na v\u00fdu\u010dbu anglick\u00e9ho jazyka a\u00a0objedn\u00e1vky online kurzov (video tutori\u00e1lov) \u010di u\u017e prijat\u00e9 cez internetov\u00fa str\u00e1nku <span style=\"color: #0563c1;\"><u><a href=\"http:\/\/www.intangiblea.com\/\" target=\"_top\" rel=\"noopener noreferrer\"><span style=\"color: #000000;\">www.intangiblea.com<\/span><\/a><\/u><\/span>, alebo prostredn\u00edctvom emailu sa pova\u017euj\u00fa za z\u00e1v\u00e4zn\u00e9.<\/p>\n<p align=\"JUSTIFY\">Poskytovate\u013e sa\u00a0zav\u00e4zuje poskytn\u00fa\u0165 kvalitn\u00e9 vzdel\u00e1vacie slu\u017eby v\u00a0rozsahu dohodnutom s Klientom\/\u0161tudentom.<\/p>\n<p align=\"JUSTIFY\">V\u00a0pr\u00edpade nepredv\u00eddan\u00fdch udalost\u00ed na strane Poskytovate\u013ea v\u00a0d\u00f4sledku ktor\u00fdch nem\u00f4\u017ee poskytovate\u013e poskytn\u00fa\u0165 slu\u017eby v\u00a0dohodnut\u00fdch term\u00ednoch m\u00e1 \u0161tudent\/klient n\u00e1rok na n\u00e1hradn\u00fd term\u00edn, alebo vr\u00e1tenie \u010diastky v\u00a0pr\u00edpade, \u017ee slu\u017eba bola vopred uhraden\u00e1.<\/p>\n<p align=\"JUSTIFY\">Ak \u0161tudent\/klient sa nem\u00f4\u017ee dostavi\u0165 na dohodnut\u00fd term\u00edn je povinn\u00fd da\u0165 vedie\u0165 Poskytovate\u013eovi 24 hod\u00edn vopred. Ak tak \u0161tudent\/klient neurob\u00ed kupuj\u00faci nem\u00e1 n\u00e1rok na vr\u00e1tenie pe\u0148az\u00ed za vyme\u0161kan\u00fa hodinu, pokia\u013e sa s\u00a0Poskytovate\u013eom nedohodne inak(najlep\u0161ie prostredn\u00edctvom emailu).<\/p>\n<p align=\"JUSTIFY\">Po zak\u00fapen\u00ed online kurzu m\u00e1 kupuj\u00faci pr\u00e1vo stiahnu\u0165 si kurz na svoj po\u010d\u00edta\u010d a\u00a0vyu\u017e\u00edva\u0165 ho v\u00fdlu\u010dne pre osobn\u00e9 \u00fa\u010dely.<\/p>\n<p align=\"JUSTIFY\">\u0160tudent\/klient nie je opr\u00e1vnen\u00fd kop\u00edrova\u0165, alebo rozmno\u017eova\u0165 obsah online kurzov na in\u00e9 ako osobn\u00e9 a\u00a0nekomer\u010dn\u00e9 \u00fa\u010dely.<\/p>\n<p align=\"JUSTIFY\">V pr\u00edpade nespokojnosti z\u00e1kazn\u00edka s online kurzom, m\u00e1 pr\u00e1vo z\u00e1kazn\u00edk do 14 dn\u00ed od zak\u00fapenia, na z\u00e1klade p\u00edsomne doru\u010denej reklam\u00e1cie, od kurzu odst\u00fapi\u0165 a z\u00edska\u0165 tak pln\u00fa sumu za kurz nasp\u00e4\u0165. N\u00e1sledne sa z\u00e1kazn\u00edk sa zav\u00e4zuje stiahnut\u00fd materi\u00e1l okam\u017eite vymaza\u0165 zo svojho po\u010d\u00edta\u010da, pr\u00edpadne in\u00e9ho nosi\u010da.<\/p>\n<p align=\"JUSTIFY\"><b>Autorsk\u00e9 pr\u00e1va<\/b><\/p>\n<p align=\"JUSTIFY\">Pou\u017e\u00edvanie materi\u00e1lov, publikovan\u00fdch na str\u00e1nke <span style=\"color: #0563c1;\"><u><a href=\"http:\/\/www.intangiblea.com\/\" target=\"_top\" rel=\"noopener noreferrer\">www.intangiblea.com<\/a><\/u><\/span> a na in\u00fdch webov\u00fdch lokalit\u00e1ch bez predch\u00e1dzaj\u00facej dohody s prev\u00e1dzkovate\u013eom je zak\u00e1zan\u00e9. V\u0161etky materi\u00e1ly s\u00fa chr\u00e1nen\u00e9 autorsk\u00fdm pr\u00e1vom a ich neopr\u00e1vnen\u00e9 pou\u017e\u00edvanie predstavuje poru\u0161enie autorsk\u00e9ho pr\u00e1va, ktor\u00e9 m\u00e1 ob\u010dianskopr\u00e1vne, ako aj trestnopr\u00e1vne d\u00f4sledky.<\/p>\n<p align=\"JUSTIFY\">Klient nie je opr\u00e1vnen\u00fd poskytn\u00fa\u0165 svoje prihlasovacie \u00fadaje tretej osobe.<\/p>\n<p align=\"JUSTIFY\">Klient nie je opr\u00e1vnen\u00fd umo\u017eni\u0165 in\u00fdm osob\u00e1m prezretie jeho zak\u00fapen\u00fdch kurzov.<\/p>\n<p align=\"JUSTIFY\">\n<p align=\"JUSTIFY\"><b>Ochrana osobn\u00fdch \u00fadajov<\/b><\/p>\n<p align=\"JUSTIFY\">V\u0161etky Va\u0161e osobn\u00e9 \u00fadaje nebud\u00fa bez V\u00e1\u0161ho s\u00fahlasu poskytnut\u00e9 tret\u00edm osob\u00e1m ani in\u00fdm subjektom. Kedyko\u013evek m\u00f4\u017eete po\u017eiada\u0165 o ich zmenu alebo zmazanie pred za\u010dat\u00edm plnenia objedn\u00e1vky.<\/p>\n<p align=\"JUSTIFY\"><b>Zru\u0161enie objedn\u00e1vky<\/b><\/p>\n<p align=\"JUSTIFY\">Objedn\u00e1vku m\u00f4\u017eete stornova\u0165 prostredn\u00edctvom e-mailu, pri\u010dom je potrebn\u00e9 uvies\u0165 \u010d\u00edslo objedn\u00e1vky a\u00a0Va\u0161e kontaktn\u00e9 \u00fadaje.<\/p>\n<p align=\"JUSTIFY\">Poskytovate\u013e a Klient s\u00fahlasia, \u017ee ich vz\u0165ah zalo\u017een\u00fd na z\u00e1klade uveden\u00fdch obchodn\u00fdch podmienok sa riadi ustanoveniami z\u00e1kona \u010d. 513\/1991 Zb. Obchodn\u00fd z\u00e1konn\u00edk v platnom znen\u00ed.<\/p>\n<p align=\"JUSTIFY\">Neplatnos\u0165 niektor\u00e9ho ustanovenia uveden\u00e9ho vo V\u0161eobecn\u00fdch podmienkach nesp\u00f4sobuje neplatnos\u0165 ostatn\u00fdch ustanoven\u00ed, ktor\u00e9 tak\u00fdmito d\u00f4vodmi neplatnosti nie s\u00fa dotknut\u00e9.<\/p>\n<p align=\"JUSTIFY\">\n<p align=\"JUSTIFY\">Obchodn\u00e9 podmienky platia od 01. 10. 2020.<\/p>\n<p><\/p>","protected":false},"excerpt":{"rendered":"<p>\u00davodn\u00e9 ustanovenia Poskytovate\u013eom vzdel\u00e1vac\u00edch slu\u017eieb(\u010falej len \u201e Poskytovate\u013e\u201c) je spolo\u010dnos\u0165: Intangible A, s.r.o. Dub\u010deka 660\/4 922 42 Madunice I\u010cO: 52531554 DI\u010c: 121063626 Poskytovate\u013e poskytuje vzdel\u00e1vacie slu\u017eby zameran\u00e9 na\u00a0 v\u00fduku anglick\u00e9ho jazyka individu\u00e1lnou, alebo skupinovou formou a\u00a0tie\u017e prostredn\u00edctvom online anglick\u00fdch a\u00a0slovensk\u00fdch<\/p>\n","protected":false},"author":2,"featured_media":0,"parent":0,"menu_order":0,"comment_status":"closed","ping_status":"closed","template":"","meta":[],"yoast_head":"<!-- This site is optimized with the Yoast SEO plugin v15.1.1 - https:\/\/yoast.com\/wordpress\/plugins\/seo\/ -->\n<title>V\u0161eobecn\u00e9 obchodn\u00e9 podmienky - Intangible A<\/title>\n<meta name=\"robots\" content=\"index, follow, max-snippet:-1, max-image-preview:large, max-video-preview:-1\" \/>\n<link rel=\"canonical\" href=\"https:\/\/intangiblea.com\/vseobecne-obchodne-podmienky\/\" \/>\n<meta property=\"og:locale\" content=\"en_US\" \/>\n<meta property=\"og:type\" content=\"article\" \/>\n<meta property=\"og:title\" content=\"V\u0161eobecn\u00e9 obchodn\u00e9 podmienky - Intangible A\" \/>\n<meta property=\"og:description\" content=\"\u00davodn\u00e9 ustanovenia Poskytovate\u013eom vzdel\u00e1vac\u00edch slu\u017eieb(\u010falej len \u201e Poskytovate\u013e\u201c) je spolo\u010dnos\u0165: Intangible A, s.r.o. Dub\u010deka 660\/4 922 42 Madunice I\u010cO: 52531554 DI\u010c: 121063626 Poskytovate\u013e poskytuje vzdel\u00e1vacie slu\u017eby zameran\u00e9 na\u00a0 v\u00fduku anglick\u00e9ho jazyka individu\u00e1lnou, alebo skupinovou formou a\u00a0tie\u017e prostredn\u00edctvom online anglick\u00fdch a\u00a0slovensk\u00fdch\" \/>\n<meta property=\"og:url\" content=\"https:\/\/intangiblea.com\/vseobecne-obchodne-podmienky\/\" \/>\n<meta property=\"og:site_name\" content=\"Intangible A\" \/>\n<meta name=\"twitter:card\" content=\"summary_large_image\" \/>\n<script type=\"application\/ld+json\" class=\"yoast-schema-graph\">{\"@context\":\"https:\/\/schema.org\",\"@graph\":[{\"@type\":\"WebSite\",\"@id\":\"https:\/\/intangiblea.com\/en\/#website\",\"url\":\"https:\/\/intangiblea.com\/en\/\",\"name\":\"Intangible A\",\"description\":\"learning English online courses\",\"potentialAction\":[{\"@type\":\"SearchAction\",\"target\":\"https:\/\/intangiblea.com\/en\/?s={search_term_string}\",\"query-input\":\"required name=search_term_string\"}],\"inLanguage\":\"en-US\"},{\"@type\":\"WebPage\",\"@id\":\"https:\/\/intangiblea.com\/vseobecne-obchodne-podmienky\/#webpage\",\"url\":\"https:\/\/intangiblea.com\/vseobecne-obchodne-podmienky\/\",\"name\":\"V\\u0161eobecn\\u00e9 obchodn\\u00e9 podmienky - Intangible A\",\"isPartOf\":{\"@id\":\"https:\/\/intangiblea.com\/en\/#website\"},\"datePublished\":\"2020-09-30T12:25:21+00:00\",\"dateModified\":\"2020-09-30T12:25:21+00:00\",\"inLanguage\":\"en-US\",\"potentialAction\":[{\"@type\":\"ReadAction\",\"target\":[\"https:\/\/intangiblea.com\/vseobecne-obchodne-podmienky\/\"]}]}]}<\/script>\n<!-- \/ Yoast SEO plugin. -->","_links":{"self":[{"href":"https:\/\/intangiblea.com\/en\/wp-json\/wp\/v2\/pages\/358"}],"collection":[{"href":"https:\/\/intangiblea.com\/en\/wp-json\/wp\/v2\/pages"}],"about":[{"href":"https:\/\/intangiblea.com\/en\/wp-json\/wp\/v2\/types\/page"}],"author":[{"embeddable":true,"href":"https:\/\/intangiblea.com\/en\/wp-json\/wp\/v2\/users\/2"}],"replies":[{"embeddable":true,"href":"https:\/\/intangiblea.com\/en\/wp-json\/wp\/v2\/comments?post=358"}],"version-history":[{"count":1,"href":"https:\/\/intangiblea.com\/en\/wp-json\/wp\/v2\/pages\/358\/revisions"}],"predecessor-version":[{"id":359,"href":"https:\/\/intangiblea.com\/en\/wp-json\/wp\/v2\/pages\/358\/revisions\/359"}],"wp:attachment":[{"href":"https:\/\/intangiblea.com\/en\/wp-json\/wp\/v2\/media?parent=358"}],"curies":[{"name":"wp","href":"https:\/\/api.w.org\/{rel}","templated":true}]}}