{"id":3,"date":"2020-06-12T08:54:02","date_gmt":"2020-06-12T06:54:02","guid":{"rendered":"http:\/\/intangiblea.com\/?page_id=3"},"modified":"2020-09-30T14:15:44","modified_gmt":"2020-09-30T12:15:44","slug":"ochrana-sukromia","status":"publish","type":"page","link":"https:\/\/intangiblea.com\/en\/ochrana-sukromia\/","title":{"rendered":"Z\u00e1sady ochrany osobn\u00fdch \u00fadajov"},"content":{"rendered":"<p><strong>GDPR<\/strong><\/p>\n<p><strong>Inform\u00e1cie<\/strong><br \/>Pou\u017e\u00edvan\u00edm na\u0161ich webov\u00fdch str\u00e1nok n\u00e1m zverujete svoje osobn\u00e9 \u00fadaje. Na tejto str\u00e1nke uv\u00e1dzame, ak\u00e9 osobn\u00e9 \u00fadaje zhroma\u017e\u010fujeme a pravidl\u00e1 ako ich pou\u017e\u00edvame.<\/p>\n<p>Prev\u00e1dzkovate\u013e: INTANGIBLE A, s.r.o., A. Dub\u010deka 660\/4, 92242 Madunice, Slovensk\u00e1 republika, zhroma\u017e\u010fuje nasleduj\u00face osobn\u00e9 \u00fadaje:<br \/>\u2013 s\u00fabory cookies<br \/>\u2013 osobn\u00e9 \u00fadaje, ktor\u00e9 n\u00e1m poskytnete v r\u00e1mci n\u00e1\u0161ho \u201cKontaktn\u00e9ho formul\u00e1ra\u201d a formul\u00e1ra \u201cZaregistrujte sa pre odber noviniek\u201d<\/p>\n<p><strong>Ako pou\u017e\u00edvame zhroma\u017e\u010fovan\u00e9 osobn\u00e9 \u00fadaje<\/strong><\/p>\n<p><strong>Formul\u00e1re<\/strong><br \/>Osobn\u00e9 \u00fadaje, ktor\u00e9 n\u00e1m poskytnete prostredn\u00edctvom na\u0161ich formul\u00e1rov, bud\u00fa pou\u017eit\u00e9 v\u00fdhradne pre \u00fa\u010dely, pre ktor\u00e9 boli ur\u010den\u00e9, a to:<\/p>\n<ul>\n<li>\n<p>\u00fadaje z \u201cKontaktn\u00e9ho formul\u00e1ra\u201d v\u00fdlu\u010dne pre potreby sp\u00e4tn\u00e9ho kontaktovania sa s Vami,<\/p>\n<\/li>\n<li>\n<p>\u00fadaje z formul\u00e1ra \u201cZaregistrujte sa pre odber noviniek\u201d v\u00fdlu\u010dne pre potreby zasielania na\u0161ich elektronick\u00fdch newsletterov s inform\u00e1ciami z aktu\u00e1lneho diania v na\u0161ej spolo\u010dnosti \u2013 pozv\u00e1nky na v\u00fdstavy, konferencie, PR akcie, inform\u00e1cie o novink\u00e1ch vo v\u00fdrobnom sortimente, v poskytovan\u00fdch slu\u017eb\u00e1ch a pod.<\/p>\n<\/li>\n<\/ul>\n<p><strong>Ako odvola\u0165 s\u00fahlas<\/strong><br \/>Va\u0161e osobn\u00e9 \u00fadaje sprac\u00favame na z\u00e1klade V\u00e1\u0161ho s\u00fahlasu, ktor\u00fd m\u00f4\u017eete kedyko\u013evek odvola\u0165 prostredn\u00edctvom odkazu umiestnen\u00e9ho v p\u00e4te ka\u017ed\u00e9ho newslettera.<\/p>\n<p><strong>Cookies<\/strong><br \/>Cookies s\u00fa mal\u00e9 textov\u00e9 s\u00fabory, ktor\u00e9 sa ukladaj\u00fa do pam\u00e4ti prehliada\u010da a obsahuj\u00fa \u00fadaje o n\u00e1v\u0161teve webovej str\u00e1nky. Tieto s\u00fabory s\u00fa anonymn\u00e9 a obsahuj\u00fa \u00fadaje, ak\u00fdmi s\u00fa jazyk, prehliada\u010d a \u010fal\u0161ie nastavenia pri zobrazen\u00ed str\u00e1nky. Cookies, ktor\u00e9 v\u00e1\u0161 prehliada\u010d odosiela k n\u00e1m, sl\u00fa\u017eia na analyzovanie spr\u00e1vania u\u017e\u00edvate\u013eov na na\u0161ich webov\u00fdch str\u00e1nkach a na zlep\u0161enie a zjednodu\u0161enie ich pou\u017eite\u013enosti. Na anal\u00fdzu pou\u017e\u00edvame n\u00e1stroje Google Analytics. Pre reklamn\u00e9 \u00fa\u010dely pou\u017e\u00edvame Google Remarketing. Doba pou\u017e\u00edvania s\u00faborov cookies je 6 mesiacov.<\/p>\n<p><strong>Ako s\u00fabory cookies kontrolova\u0165 a zmaza\u0165<\/strong><\/p>\n<p>Zmenu nastavenia v pou\u017e\u00edvan\u00ed s\u00faborov cookies je mo\u017en\u00e9 uskuto\u010dni\u0165 v r\u00e1mci ka\u017ed\u00e9ho internetov\u00e9ho prehliada\u010da v sekcii Nastavenia. Odstr\u00e1nen\u00edm alebo zablokovan\u00edm s\u00faborov cookies budete m\u00f4c\u0165 nav\u0161t\u00edvi\u0165 na\u0161e webov\u00e9 str\u00e1nky, ale niektor\u00e9 funkcie nemusia pracova\u0165 spr\u00e1vne.<\/p>\n<p><strong>Ak\u00e9 s\u00fa va\u0161e pr\u00e1va<\/strong><br \/>Ka\u017ed\u00e1 osoba, ktor\u00e1 n\u00e1m poskytla osobn\u00e9 \u00fadaje m\u00e1 pr\u00e1vo od n\u00e1s po\u017eadova\u0165:<\/p>\n<ul>\n<li>\n<p>pr\u00edstup k svojim osobn\u00fdm \u00fadajom<\/p>\n<\/li>\n<li>\n<p>pr\u00e1vo na ich opravu alebo vymazanie alebo obmedzenie sprac\u00favania<\/p>\n<\/li>\n<li>\n<p>pr\u00e1vo namieta\u0165 proti sprac\u00favaniu<\/p>\n<\/li>\n<li>\n<p>pr\u00e1vo na prenosnos\u0165 \u00fadajov<\/p>\n<\/li>\n<li>\n<p>pr\u00e1vo poda\u0165 s\u0165a\u017enos\u0165 dozorn\u00e9mu org\u00e1nu, ktor\u00fdm je \u00darad na ochranu osobn\u00fdch \u00fadajov Slovenskej republiky<\/p>\n<\/li>\n<\/ul>\n<p><strong>Pr\u00e1va dotknutej osoby<\/strong><br \/>Ka\u017ed\u00e1 osoba, ktor\u00e1 n\u00e1m poskytla osobn\u00e9 \u00fadaje (dotknut\u00e1 osoba) m\u00e1 pr\u00e1vo od n\u00e1s po\u017eadova\u0165 pr\u00edstup k svojim osobn\u00fdm \u00fadajom a pr\u00e1vo na ich opravu alebo vymazanie alebo obmedzenie sprac\u00favania, pr\u00e1vo namieta\u0165 proti sprac\u00favaniu, pr\u00e1vo na prenosnos\u0165 \u00fadajov a pr\u00e1vo poda\u0165 s\u0165a\u017enos\u0165 dozorn\u00e9mu org\u00e1nu, ktor\u00fdm je \u00darad na ochranu osobn\u00fdch \u00fadajov Slovenskej republiky.<\/p>\n<p><strong>Ako si uplatni\u0165 va\u0161e pr\u00e1va<\/strong><br \/>Uplatni\u0165 va\u0161e pr\u00e1va si m\u00f4\u017eete zaslan\u00edm emailovej spr\u00e1vy alebo p\u00edsomnej \u017eiadosti na na\u0161e kontaktn\u00e9 \u00fadaje uveden\u00e9 v sekcii \u201e<u>Kontakt<\/u>\u201c.<\/p>\n","protected":false},"excerpt":{"rendered":"<p>GDPR Inform\u00e1ciePou\u017e\u00edvan\u00edm na\u0161ich webov\u00fdch str\u00e1nok n\u00e1m zverujete svoje osobn\u00e9 \u00fadaje. Na tejto str\u00e1nke uv\u00e1dzame, ak\u00e9 osobn\u00e9 \u00fadaje zhroma\u017e\u010fujeme a pravidl\u00e1 ako ich pou\u017e\u00edvame. Prev\u00e1dzkovate\u013e: INTANGIBLE A, s.r.o., A. Dub\u010deka 660\/4, 92242 Madunice, Slovensk\u00e1 republika, zhroma\u017e\u010fuje nasleduj\u00face osobn\u00e9 \u00fadaje:\u2013 s\u00fabory cookies\u2013<\/p>\n","protected":false},"author":2,"featured_media":0,"parent":0,"menu_order":0,"comment_status":"closed","ping_status":"open","template":"","meta":[],"yoast_head":"<!-- This site is optimized with the Yoast SEO plugin v15.1.1 - https:\/\/yoast.com\/wordpress\/plugins\/seo\/ -->\n<title>Z\u00e1sady ochrany osobn\u00fdch \u00fadajov - Intangible A<\/title>\n<meta name=\"robots\" content=\"index, follow, max-snippet:-1, max-image-preview:large, max-video-preview:-1\" \/>\n<link rel=\"canonical\" href=\"https:\/\/intangiblea.com\/ochrana-sukromia\/\" \/>\n<meta property=\"og:locale\" content=\"en_US\" \/>\n<meta property=\"og:type\" content=\"article\" \/>\n<meta property=\"og:title\" content=\"Z\u00e1sady ochrany osobn\u00fdch \u00fadajov - Intangible A\" \/>\n<meta property=\"og:description\" content=\"GDPR Inform\u00e1ciePou\u017e\u00edvan\u00edm na\u0161ich webov\u00fdch str\u00e1nok n\u00e1m zverujete svoje osobn\u00e9 \u00fadaje. Na tejto str\u00e1nke uv\u00e1dzame, ak\u00e9 osobn\u00e9 \u00fadaje zhroma\u017e\u010fujeme a pravidl\u00e1 ako ich pou\u017e\u00edvame. Prev\u00e1dzkovate\u013e: INTANGIBLE A, s.r.o., A. Dub\u010deka 660\/4, 92242 Madunice, Slovensk\u00e1 republika, zhroma\u017e\u010fuje nasleduj\u00face osobn\u00e9 \u00fadaje:\u2013 s\u00fabory cookies\u2013\" \/>\n<meta property=\"og:url\" content=\"https:\/\/intangiblea.com\/ochrana-sukromia\/\" \/>\n<meta property=\"og:site_name\" content=\"Intangible A\" \/>\n<meta property=\"article:modified_time\" content=\"2020-09-30T12:15:44+00:00\" \/>\n<meta name=\"twitter:card\" content=\"summary_large_image\" \/>\n<script type=\"application\/ld+json\" class=\"yoast-schema-graph\">{\"@context\":\"https:\/\/schema.org\",\"@graph\":[{\"@type\":\"WebSite\",\"@id\":\"https:\/\/intangiblea.com\/en\/#website\",\"url\":\"https:\/\/intangiblea.com\/en\/\",\"name\":\"Intangible A\",\"description\":\"learning English online courses\",\"potentialAction\":[{\"@type\":\"SearchAction\",\"target\":\"https:\/\/intangiblea.com\/en\/?s={search_term_string}\",\"query-input\":\"required name=search_term_string\"}],\"inLanguage\":\"en-US\"},{\"@type\":\"WebPage\",\"@id\":\"https:\/\/intangiblea.com\/ochrana-sukromia\/#webpage\",\"url\":\"https:\/\/intangiblea.com\/ochrana-sukromia\/\",\"name\":\"Z\\u00e1sady ochrany osobn\\u00fdch \\u00fadajov - Intangible A\",\"isPartOf\":{\"@id\":\"https:\/\/intangiblea.com\/en\/#website\"},\"datePublished\":\"2020-06-12T06:54:02+00:00\",\"dateModified\":\"2020-09-30T12:15:44+00:00\",\"inLanguage\":\"en-US\",\"potentialAction\":[{\"@type\":\"ReadAction\",\"target\":[\"https:\/\/intangiblea.com\/ochrana-sukromia\/\"]}]}]}<\/script>\n<!-- \/ Yoast SEO plugin. -->","_links":{"self":[{"href":"https:\/\/intangiblea.com\/en\/wp-json\/wp\/v2\/pages\/3"}],"collection":[{"href":"https:\/\/intangiblea.com\/en\/wp-json\/wp\/v2\/pages"}],"about":[{"href":"https:\/\/intangiblea.com\/en\/wp-json\/wp\/v2\/types\/page"}],"author":[{"embeddable":true,"href":"https:\/\/intangiblea.com\/en\/wp-json\/wp\/v2\/users\/2"}],"replies":[{"embeddable":true,"href":"https:\/\/intangiblea.com\/en\/wp-json\/wp\/v2\/comments?post=3"}],"version-history":[{"count":1,"href":"https:\/\/intangiblea.com\/en\/wp-json\/wp\/v2\/pages\/3\/revisions"}],"predecessor-version":[{"id":357,"href":"https:\/\/intangiblea.com\/en\/wp-json\/wp\/v2\/pages\/3\/revisions\/357"}],"wp:attachment":[{"href":"https:\/\/intangiblea.com\/en\/wp-json\/wp\/v2\/media?parent=3"}],"curies":[{"name":"wp","href":"https:\/\/api.w.org\/{rel}","templated":true}]}}