{"id":14,"date":"2020-06-12T11:03:26","date_gmt":"2020-06-12T09:03:26","guid":{"rendered":"http:\/\/intangiblea.com\/?page_id=14"},"modified":"2020-06-22T10:07:31","modified_gmt":"2020-06-22T08:07:31","slug":"kontakt","status":"publish","type":"page","link":"https:\/\/intangiblea.com\/en\/kontakt\/","title":{"rendered":"Contacts"},"content":{"rendered":"\r\n<p>Toto je str\u00e1nka so z\u00e1kladn\u00fdmi kontakn\u00fdmi inform\u00e1ciami, ako napr\u00edklad adresa a telef\u00f3nne \u010d\u00edslo. Takisto m\u00f4\u017eete sk\u00fasi\u0165 prida\u0165 kontaktn\u00fd formul\u00e1r prostredn\u00edctvom pluginu.<\/p>\r\n","protected":false},"excerpt":{"rendered":"<p>Toto je str\u00e1nka so z\u00e1kladn\u00fdmi kontakn\u00fdmi inform\u00e1ciami, ako napr\u00edklad adresa a telef\u00f3nne \u010d\u00edslo. Takisto m\u00f4\u017eete sk\u00fasi\u0165 prida\u0165 kontaktn\u00fd formul\u00e1r prostredn\u00edctvom pluginu.<\/p>\n","protected":false},"author":2,"featured_media":0,"parent":0,"menu_order":0,"comment_status":"closed","ping_status":"closed","template":"","meta":[],"yoast_head":"<!-- This site is optimized with the Yoast SEO plugin v15.1.1 - https:\/\/yoast.com\/wordpress\/plugins\/seo\/ -->\n<title>Contacts - Intangible A<\/title>\n<meta name=\"robots\" content=\"index, follow, max-snippet:-1, max-image-preview:large, max-video-preview:-1\" \/>\n<link rel=\"canonical\" href=\"https:\/\/intangiblea.com\/kontakt\/\" \/>\n<meta property=\"og:locale\" content=\"en_US\" \/>\n<meta property=\"og:type\" content=\"article\" \/>\n<meta property=\"og:title\" content=\"[:sk]Kontakt[:en]Contacts[:] - Intangible A\" \/>\n<meta property=\"og:description\" content=\"Toto je str\u00e1nka so z\u00e1kladn\u00fdmi kontakn\u00fdmi inform\u00e1ciami, ako napr\u00edklad adresa a telef\u00f3nne \u010d\u00edslo. Takisto m\u00f4\u017eete sk\u00fasi\u0165 prida\u0165 kontaktn\u00fd formul\u00e1r prostredn\u00edctvom pluginu.\" \/>\n<meta property=\"og:url\" content=\"https:\/\/intangiblea.com\/kontakt\/\" \/>\n<meta property=\"og:site_name\" content=\"Intangible A\" \/>\n<meta property=\"article:modified_time\" content=\"2020-06-22T08:07:31+00:00\" \/>\n<meta name=\"twitter:card\" content=\"summary_large_image\" \/>\n<script type=\"application\/ld+json\" class=\"yoast-schema-graph\">{\"@context\":\"https:\/\/schema.org\",\"@graph\":[{\"@type\":\"WebSite\",\"@id\":\"https:\/\/intangiblea.com\/en\/#website\",\"url\":\"https:\/\/intangiblea.com\/en\/\",\"name\":\"Intangible A\",\"description\":\"learning English online courses\",\"potentialAction\":[{\"@type\":\"SearchAction\",\"target\":\"https:\/\/intangiblea.com\/en\/?s={search_term_string}\",\"query-input\":\"required name=search_term_string\"}],\"inLanguage\":\"en-US\"},{\"@type\":\"WebPage\",\"@id\":\"https:\/\/intangiblea.com\/kontakt\/#webpage\",\"url\":\"https:\/\/intangiblea.com\/kontakt\/\",\"name\":\"[:sk]Kontakt[:en]Contacts[:] - Intangible A\",\"isPartOf\":{\"@id\":\"https:\/\/intangiblea.com\/en\/#website\"},\"datePublished\":\"2020-06-12T09:03:26+00:00\",\"dateModified\":\"2020-06-22T08:07:31+00:00\",\"inLanguage\":\"en-US\",\"potentialAction\":[{\"@type\":\"ReadAction\",\"target\":[\"https:\/\/intangiblea.com\/kontakt\/\"]}]}]}<\/script>\n<!-- \/ Yoast SEO plugin. -->","_links":{"self":[{"href":"https:\/\/intangiblea.com\/en\/wp-json\/wp\/v2\/pages\/14"}],"collection":[{"href":"https:\/\/intangiblea.com\/en\/wp-json\/wp\/v2\/pages"}],"about":[{"href":"https:\/\/intangiblea.com\/en\/wp-json\/wp\/v2\/types\/page"}],"author":[{"embeddable":true,"href":"https:\/\/intangiblea.com\/en\/wp-json\/wp\/v2\/users\/2"}],"replies":[{"embeddable":true,"href":"https:\/\/intangiblea.com\/en\/wp-json\/wp\/v2\/comments?post=14"}],"version-history":[{"count":2,"href":"https:\/\/intangiblea.com\/en\/wp-json\/wp\/v2\/pages\/14\/revisions"}],"predecessor-version":[{"id":208,"href":"https:\/\/intangiblea.com\/en\/wp-json\/wp\/v2\/pages\/14\/revisions\/208"}],"wp:attachment":[{"href":"https:\/\/intangiblea.com\/en\/wp-json\/wp\/v2\/media?parent=14"}],"curies":[{"name":"wp","href":"https:\/\/api.w.org\/{rel}","templated":true}]}}