{"id":11,"date":"2020-06-12T11:03:26","date_gmt":"2020-06-12T09:03:26","guid":{"rendered":"http:\/\/intangiblea.com\/?page_id=11"},"modified":"2021-12-02T15:55:04","modified_gmt":"2021-12-02T14:55:04","slug":"uvodna-stranka","status":"publish","type":"page","link":"https:\/\/intangiblea.com\/en\/","title":{"rendered":"Home"},"content":{"rendered":"<div id=\"pl-11\"  class=\"panel-layout\" ><div id=\"pg-11-0\"  class=\"panel-grid panel-no-style\" ><div id=\"pgc-11-0-0\"  class=\"panel-grid-cell\" ><div id=\"panel-11-0-0-0\" class=\"so-panel widget widget_sow-editor panel-first-child panel-last-child\" data-index=\"0\" ><div class=\"so-widget-sow-editor so-widget-sow-editor-base\">\n<div class=\"siteorigin-widget-tinymce textwidget\">\n\t<p>\n<img loading=\"lazy\" class=\"aligncenter wp-image-253 size-full\" src=\"https:\/\/intangiblea.com\/wp-content\/uploads\/2020\/08\/English-Conversation-e1598804351719.jpg\" alt=\"\" width=\"600\" height=\"354\" srcset=\"https:\/\/intangiblea.com\/wp-content\/uploads\/2020\/08\/English-Conversation-e1598804351719.jpg 600w, https:\/\/intangiblea.com\/wp-content\/uploads\/2020\/08\/English-Conversation-e1598804351719-300x177.jpg 300w\" sizes=\"(max-width: 600px) 100vw, 600px\" \/><\/p>\n<p style=\"text-align: center;\"><input type='hidden' bg_collapse_expand='69d29458432607023319748' value='69d29458432607023319748'><input type='hidden' id='bg-show-more-text-69d29458432607023319748' value='more information'><input type='hidden' id='bg-show-less-text-69d29458432607023319748' value='less'><button id='bg-showmore-action-69d29458432607023319748' class='bg-showmore-plg-button bg-red-button bg-arrow '   style=\" color:#ffffff;\">more information<\/button><div id='bg-showmore-hidden-69d29458432607023319748' ><\/p>\n<p style=\"text-align: left;\"><a href=\"https:\/\/intangiblea.com\/konverzacia-v-anglickom-jazyku-vseobecna-tema\/\"><i class=\"fa fa-angle-double-right fa- \" ><\/i> English conversation \u2013 general topic<\/a><\/p>\n<p style=\"text-align: left;\"><a href=\"http:\/\/intangiblea.com\/priprava-na-pracovny-pohovor\/\"><i class=\"fa fa-angle-double-right fa- \" ><\/i> Job interview skills training<\/a><\/p>\n<p style=\"text-align: left;\"><a href=\"http:\/\/intangiblea.com\/priprava-na-pracovny-pohovor-a-pomoc-pri-vypracovani-anglickeho-cv\/\"><i class=\"fa fa-angle-double-right fa- \" ><\/i> Job Interview Skills Training and Professional Resume Writing Advice<\/a><\/p>\n<p style=\"text-align: left;\"><a href=\"http:\/\/intangiblea.com\/konverzacia-v-anglickom-jazyku-odborna-tema\/\"><i class=\"fa fa-angle-double-right fa- \" ><\/i> English conversation \u2013 professional topic<\/a><\/p>\n<p style=\"text-align: left;\"><a href=\"http:\/\/intangiblea.com\/konverzacia-v-anglickom-jazyku-spojena-s-vyukou-gramatiky\/\"><i class=\"fa fa-angle-double-right fa- \" ><\/i> English conversation with grammar education<\/a><\/p>\n<p style=\"text-align: center;\"><\/div><\/p>\n<\/div>\n<\/div><\/div><\/div><div id=\"pgc-11-0-1\"  class=\"panel-grid-cell\" ><div id=\"panel-11-0-1-0\" class=\"so-panel widget widget_sow-editor panel-first-child panel-last-child\" data-index=\"1\" ><div class=\"so-widget-sow-editor so-widget-sow-editor-base\">\n<div class=\"siteorigin-widget-tinymce textwidget\">\n\t<p>\n<img loading=\"lazy\" class=\"aligncenter wp-image-257 size-full\" src=\"https:\/\/intangiblea.com\/wp-content\/uploads\/2020\/08\/u4ite2-e1598804072478.jpg\" alt=\"\" width=\"600\" height=\"354\" srcset=\"https:\/\/intangiblea.com\/wp-content\/uploads\/2020\/08\/u4ite2-e1598804072478.jpg 600w, https:\/\/intangiblea.com\/wp-content\/uploads\/2020\/08\/u4ite2-e1598804072478-300x177.jpg 300w\" sizes=\"(max-width: 600px) 100vw, 600px\" \/><\/p>\n<p style=\"text-align: center;\"><input type='hidden' bg_collapse_expand='69d2945843cda6097302517' value='69d2945843cda6097302517'><input type='hidden' id='bg-show-more-text-69d2945843cda6097302517' value='more information'><input type='hidden' id='bg-show-less-text-69d2945843cda6097302517' value='less'><button id='bg-showmore-action-69d2945843cda6097302517' class='bg-showmore-plg-button bg-red-button bg-arrow '   style=\" color:#ffffff;\">more information<\/button><div id='bg-showmore-hidden-69d2945843cda6097302517' ><\/p>\n<p style=\"text-align: left;\"><strong>Providing an excellent and enjoyable way of learning English through conversations tailored to your needs.<\/strong><\/p>\n<p style=\"text-align: left;\"><strong>Conversation lessons are available in our office at Gorkeho 10 or in your premises and we also provide online conversations via Skype and Zoom based on your choice.<\/strong><\/p>\n<p style=\"text-align: left;\"><strong>If you are interested please call us at 0910 740 293 or send us an email at <a href=\"mailto:info@intangiblea.com\">info@intangiblea.com<\/a> for the appointment.<\/strong><\/p>\n<p style=\"text-align: center;\"><\/div><\/p>\n<\/div>\n<\/div><\/div><\/div><div id=\"pgc-11-0-2\"  class=\"panel-grid-cell\" ><div id=\"panel-11-0-2-0\" class=\"so-panel widget widget_sow-editor panel-first-child panel-last-child\" data-index=\"2\" ><div class=\"so-widget-sow-editor so-widget-sow-editor-base\">\n<div class=\"siteorigin-widget-tinymce textwidget\">\n\t<p><img loading=\"lazy\" class=\"aligncenter wp-image-255 size-full\" src=\"https:\/\/intangiblea.com\/wp-content\/uploads\/2020\/08\/Online-courses-e1598804611195.jpg\" alt=\"\" width=\"600\" height=\"354\" srcset=\"https:\/\/intangiblea.com\/wp-content\/uploads\/2020\/08\/Online-courses-e1598804611195.jpg 600w, https:\/\/intangiblea.com\/wp-content\/uploads\/2020\/08\/Online-courses-e1598804611195-300x177.jpg 300w\" sizes=\"(max-width: 600px) 100vw, 600px\" \/><\/p>\n<p style=\"text-align: center;\"><input type='hidden' bg_collapse_expand='69d29458447296048027064' value='69d29458447296048027064'><input type='hidden' id='bg-show-more-text-69d29458447296048027064' value='more information'><input type='hidden' id='bg-show-less-text-69d29458447296048027064' value='less'><button id='bg-showmore-action-69d29458447296048027064' class='bg-showmore-plg-button bg-red-button bg-arrow '   style=\" color:#ffffff;\">more information<\/button><div id='bg-showmore-hidden-69d29458447296048027064' ><\/p>\n<p style=\"text-align: left;\"><strong> English courses for professionals<\/strong><\/p>\n<p style=\"text-align: left;\"><i class=\"fa fa-angle-double-right fa- \" ><\/i> <a href=\"https:\/\/intangiblea.com\/produkt\/anglictina-pre-financnych-manazerov\/\">English for Financial Managers<\/a><\/p>\n<p style=\"text-align: left;\"><i class=\"fa fa-angle-double-right fa- \" ><\/i> <a href=\"https:\/\/intangiblea.com\/en\/produkt\/anglictina-pre-realitnych-maklerov-znalcov-v-oblasti-nehnutelnosti-architektov-a-manazerov-v-stavebnictve\/\">English for Real Estate Professionals, Appraisers, Architects and Construction Managers<\/a><\/p>\n<p style=\"text-align: left;\"><i class=\"fa fa-angle-double-right fa- \" ><\/i> English for Accountants<\/p>\n<p style=\"text-align: left;\"><i class=\"fa fa-angle-double-right fa- \" ><\/i> Basics of legal English<\/p>\n<p style=\"text-align: left;\"><strong>IT courses<\/strong><\/p>\n<p style=\"text-align: left;\"><i class=\"fa fa-angle-double-right fa- \" ><\/i> MS Excel from basics to intermediate level<\/p>\n<p style=\"text-align: left;\"><i class=\"fa fa-angle-double-right fa- \" ><\/i> MS Word from basics to intermediate level<\/p>\n<p style=\"text-align: left;\"><i class=\"fa fa-angle-double-right fa- \" ><\/i> MS PowerPoint from basics to intermediate level<\/p>\n<p style=\"text-align: center;\"><\/div><\/p>\n<\/div>\n<\/div><\/div><\/div><\/div><div id=\"pg-11-1\"  class=\"panel-grid panel-no-style\" ><div id=\"pgc-11-1-0\"  class=\"panel-grid-cell\" ><div id=\"panel-11-1-0-0\" class=\"so-panel widget widget_sow-editor panel-first-child panel-last-child\" data-index=\"3\" ><div class=\"so-widget-sow-editor so-widget-sow-editor-base\">\n<div class=\"siteorigin-widget-tinymce textwidget\">\n\t<hr \/>\n<h3><strong>WHAT'S NEW<\/strong><\/h3>\n<div class=\"pt-cv-wrapper\">\n<div class=\"pt-cv-view pt-cv-grid pt-cv-colsys\" id=\"pt-cv-view-7969043h76\">\n<div data-id=\"pt-cv-page-1\" class=\"pt-cv-page\" data-cvc=\"3\">\n<div class=\"col-md-4 col-sm-6 col-xs-12 pt-cv-content-item pt-cv-1-col\" >\n<div class='pt-cv-ifield'><a href=\"https:\/\/intangiblea.com\/en\/announncements-3-oznam\/\" class=\"_self pt-cv-href-thumbnail pt-cv-thumb-default\" target=\"_self\" ><\/a><\/p>\n<h4 class=\"pt-cv-title\"><a href=\"https:\/\/intangiblea.com\/en\/announncements-3-oznam\/\" class=\"_self\" target=\"_self\" >What do we provide?<\/a><\/h4>\n<div class=\"pt-cv-content\">We at Intangible A are committed to providing excellent and enjoyable ways of\u00a0 learning English through conversations tailored to your ...<br \/><a href=\"https:\/\/intangiblea.com\/en\/announncements-3-oznam\/\" class=\"_self pt-cv-readmore btn btn-success\" target=\"_self\">\u010c\u00edta\u0165 Viac<\/a><\/div>\n<\/div>\n<\/div>\n<div class=\"col-md-4 col-sm-6 col-xs-12 pt-cv-content-item pt-cv-1-col\" >\n<div class='pt-cv-ifield'><a href=\"https:\/\/intangiblea.com\/en\/announncements-1-nejaky-clanok\/\" class=\"_self pt-cv-href-thumbnail pt-cv-thumb-default\" target=\"_self\" ><\/a><\/p>\n<h4 class=\"pt-cv-title\"><a href=\"https:\/\/intangiblea.com\/en\/announncements-1-nejaky-clanok\/\" class=\"_self\" target=\"_self\" >New online courses &#8211; coming soon<\/a><\/h4>\n<div class=\"pt-cv-content\">We are working on 3D modeling and animation online courses in both English and Slovak languages as well as Excel, ...<br \/><a href=\"https:\/\/intangiblea.com\/en\/announncements-1-nejaky-clanok\/\" class=\"_self pt-cv-readmore btn btn-success\" target=\"_self\">\u010c\u00edta\u0165 Viac<\/a><\/div>\n<\/div>\n<\/div>\n<\/div>\n<\/div>\n<\/div>\n<hr \/>\n<\/div>\n<\/div><\/div><\/div><\/div><div id=\"pg-11-2\"  class=\"panel-grid panel-no-style\" ><div id=\"pgc-11-2-0\"  class=\"panel-grid-cell\" ><div id=\"panel-11-2-0-0\" class=\"so-panel widget widget_sow-editor panel-first-child panel-last-child\" data-index=\"4\" ><div class=\"so-widget-sow-editor so-widget-sow-editor-base\">\n<div class=\"siteorigin-widget-tinymce textwidget\">\n\t<p><a href=\"https:\/\/intangiblea.com\/preklady\/\"><img loading=\"lazy\" class=\"alignnone wp-image-191 size-medium\" src=\"https:\/\/intangiblea.com\/wp-content\/uploads\/2020\/06\/Gombik3UK-300x55.png\" alt=\"\" width=\"300\" height=\"55\" srcset=\"https:\/\/intangiblea.com\/wp-content\/uploads\/2020\/06\/Gombik3UK-300x55.png 300w, https:\/\/intangiblea.com\/wp-content\/uploads\/2020\/06\/Gombik3UK.png 500w\" sizes=\"(max-width: 300px) 100vw, 300px\" \/><\/a><\/p>\n<\/div>\n<\/div><\/div><\/div><div id=\"pgc-11-2-1\"  class=\"panel-grid-cell panel-grid-cell-empty panel-grid-cell-mobile-last\" ><\/div><div id=\"pgc-11-2-2\"  class=\"panel-grid-cell panel-grid-cell-empty\" ><\/div><\/div><div id=\"pg-11-3\"  class=\"panel-grid panel-no-style\" ><div id=\"pgc-11-3-0\"  class=\"panel-grid-cell\" ><div id=\"panel-11-3-0-0\" class=\"so-panel widget widget_sow-editor panel-first-child panel-last-child\" data-index=\"5\" ><div class=\"so-widget-sow-editor so-widget-sow-editor-base\">\n<div class=\"siteorigin-widget-tinymce textwidget\">\n\t<h3>About us<\/h3>\n<p style=\"text-align: justify;\"><img loading=\"lazy\" class=\"wp-image-416 alignright\" src=\"https:\/\/intangiblea.com\/wp-content\/uploads\/2021\/11\/Pic11-237x300.jpg\" alt=\"\" width=\"133\" height=\"168\" srcset=\"https:\/\/intangiblea.com\/wp-content\/uploads\/2021\/11\/Pic11-237x300.jpg 237w, https:\/\/intangiblea.com\/wp-content\/uploads\/2021\/11\/Pic11-807x1024.jpg 807w, https:\/\/intangiblea.com\/wp-content\/uploads\/2021\/11\/Pic11-768x974.jpg 768w, https:\/\/intangiblea.com\/wp-content\/uploads\/2021\/11\/Pic11-1211x1536.jpg 1211w, https:\/\/intangiblea.com\/wp-content\/uploads\/2021\/11\/Pic11-600x761.jpg 600w, https:\/\/intangiblea.com\/wp-content\/uploads\/2021\/11\/Pic11.jpg 1521w\" sizes=\"(max-width: 133px) 100vw, 133px\" \/><br \/>\nWe are specialized in providing excellent and enjoyable ways of learning English. The lessons are focused on the development of English communication skills.\u00a0 Other activities include our own educational courses found in the 'Online Courses' section of this website, created in both English and Slovak languages for the viewers wanting to enrich their communication skills and knowledge in a specific area. Needless to say we also provide professional English\/Slovak translations.<\/p>\n<p style=\"text-align: justify;\">Our expertise has its roots in our professional and life experiences from living more than 10 years in Canada. The purpose of having English conversation lessons may differ for each person. \u00a0Many clients just want to get over a conversation barrier and take a few lessons to gain confidence in an English speaking environment. The conversation lessons however can be used as a form of long term education and may be a much more effective and comfortable method of learning English compared to any other method. It is possible to combine them with practicing the grammar skills if the client is interested in it.<\/p>\n<p style=\"text-align: justify;\">The main goal is to significantly advance our clients' English language skills in a casual and comfortable environment. \u00a0We are offering our conversation lessons in our office premises at Gorkeho 10 in Bratislava, also at your work place, or provide distant conversation lessons via Skype or Zoom. The quality of the conversation is warranted by our wide range of foreign and domestic education, work experience and perfect knowledge of both languages.<\/p>\n<p style=\"text-align: justify;\">We are proud of our gathered experiences from working for companies such as RPS Real Property Solutions in Toronto in the field of real estate appraisals and customer service, Investors Group in Toronto in the area of financial services, Open Solutions Canada in the banking sector technology,\u00a0 studies of accounting \u00a0(CPA Ontario), finance \u00a0(Canadian Securities Course), law , appraisals of real estate (Appraisal Institute of Canada) ,\u00a0 Computer Science (University of Ottawa), music (University of Western Ontario) and others.<\/p>\n<\/div>\n<\/div><\/div><\/div><\/div><\/div>","protected":false},"excerpt":{"rendered":"<p>WHAT&#8217;S NEW<\/p>\n","protected":false},"author":2,"featured_media":0,"parent":0,"menu_order":0,"comment_status":"closed","ping_status":"closed","template":"","meta":[],"yoast_head":"<!-- This site is optimized with the Yoast SEO plugin v15.1.1 - https:\/\/yoast.com\/wordpress\/plugins\/seo\/ -->\n<title>Home - Intangible A<\/title>\n<meta name=\"robots\" content=\"index, follow, max-snippet:-1, max-image-preview:large, max-video-preview:-1\" \/>\n<link rel=\"canonical\" href=\"https:\/\/intangiblea.com\/\" \/>\n<meta property=\"og:locale\" content=\"en_US\" \/>\n<meta property=\"og:type\" content=\"article\" \/>\n<meta property=\"og:title\" content=\"Home - Intangible A\" \/>\n<meta property=\"og:description\" content=\"WHAT&#039;S NEW\" \/>\n<meta property=\"og:url\" content=\"https:\/\/intangiblea.com\/\" \/>\n<meta property=\"og:site_name\" content=\"Intangible A\" \/>\n<meta property=\"article:modified_time\" content=\"2021-12-02T14:55:04+00:00\" \/>\n<meta property=\"og:image\" content=\"https:\/\/intangiblea.com\/wp-content\/uploads\/2020\/08\/Konverzacie-v-anglictine-e1598804279870.jpg\" \/>\n<meta name=\"twitter:card\" content=\"summary_large_image\" \/>\n<script type=\"application\/ld+json\" class=\"yoast-schema-graph\">{\"@context\":\"https:\/\/schema.org\",\"@graph\":[{\"@type\":\"WebSite\",\"@id\":\"https:\/\/intangiblea.com\/en\/#website\",\"url\":\"https:\/\/intangiblea.com\/en\/\",\"name\":\"Intangible A\",\"description\":\"learning English online courses\",\"potentialAction\":[{\"@type\":\"SearchAction\",\"target\":\"https:\/\/intangiblea.com\/en\/?s={search_term_string}\",\"query-input\":\"required name=search_term_string\"}],\"inLanguage\":\"en-US\"},{\"@type\":\"ImageObject\",\"@id\":\"https:\/\/intangiblea.com\/#primaryimage\",\"inLanguage\":\"en-US\",\"url\":\"https:\/\/intangiblea.com\/wp-content\/uploads\/2020\/08\/Konverzacie-v-anglictine-e1598804279870.jpg\",\"width\":600,\"height\":354},{\"@type\":\"WebPage\",\"@id\":\"https:\/\/intangiblea.com\/#webpage\",\"url\":\"https:\/\/intangiblea.com\/\",\"name\":\"Home - Intangible A\",\"isPartOf\":{\"@id\":\"https:\/\/intangiblea.com\/en\/#website\"},\"primaryImageOfPage\":{\"@id\":\"https:\/\/intangiblea.com\/#primaryimage\"},\"datePublished\":\"2020-06-12T09:03:26+00:00\",\"dateModified\":\"2021-12-02T14:55:04+00:00\",\"inLanguage\":\"en-US\",\"potentialAction\":[{\"@type\":\"ReadAction\",\"target\":[\"https:\/\/intangiblea.com\/\"]}]}]}<\/script>\n<!-- \/ Yoast SEO plugin. -->","_links":{"self":[{"href":"https:\/\/intangiblea.com\/en\/wp-json\/wp\/v2\/pages\/11"}],"collection":[{"href":"https:\/\/intangiblea.com\/en\/wp-json\/wp\/v2\/pages"}],"about":[{"href":"https:\/\/intangiblea.com\/en\/wp-json\/wp\/v2\/types\/page"}],"author":[{"embeddable":true,"href":"https:\/\/intangiblea.com\/en\/wp-json\/wp\/v2\/users\/2"}],"replies":[{"embeddable":true,"href":"https:\/\/intangiblea.com\/en\/wp-json\/wp\/v2\/comments?post=11"}],"version-history":[{"count":162,"href":"https:\/\/intangiblea.com\/en\/wp-json\/wp\/v2\/pages\/11\/revisions"}],"predecessor-version":[{"id":437,"href":"https:\/\/intangiblea.com\/en\/wp-json\/wp\/v2\/pages\/11\/revisions\/437"}],"wp:attachment":[{"href":"https:\/\/intangiblea.com\/en\/wp-json\/wp\/v2\/media?parent=11"}],"curies":[{"name":"wp","href":"https:\/\/api.w.org\/{rel}","templated":true}]}}